{"id":73,"date":"2016-08-02T11:14:31","date_gmt":"2016-08-02T09:14:31","guid":{"rendered":"https:\/\/igvau.wordpress.com\/?page_id=73"},"modified":"2017-07-19T11:20:55","modified_gmt":"2017-07-19T10:20:55","slug":"links","status":"publish","type":"page","link":"http:\/\/igvau.de\/?page_id=73","title":{"rendered":"Links"},"content":{"rendered":"<p>\u00dcberschreitung der NO2-Werte u.a. in der Eversbuschstra\u00dfe bei Schadstoffmessungen der Stadt M\u00fcnchen<br \/>\n<a href=\"http:\/\/www.sueddeutsche.de\/muenchen\/schadstoffbelastung-in-muenchen-das-spiel-auf-zeit-geht-zulasten-der-lungen-der-muenchner-1.3593387\">http:\/\/www.sueddeutsche.de\/muenchen\/schadstoffbelastung-in-muenchen-das-spiel-auf-zeit-geht-zulasten-der-lungen-der-muenchner-1.3593387<\/a><\/p>\n<p>Der M\u00fcnchner Stadtbezirk 23:<br \/>\n<a href=\"https:\/\/www.muenchen.de\/rathaus\/Stadtpolitik\/Bezirksausschuesse\/Stadtbezirk23.html\" target=\"_blank\" rel=\"noopener\">https:\/\/www.muenchen.de\/rathaus\/Stadtpolitik\/Bezirksausschuesse\/Stadtbezirk23.html<\/a><\/p>\n<p>Der Bezirksausschuss 23 der Stadt M\u00fcnchen:<br \/>\n<a href=\"https:\/\/www.ris-muenchen.de\/RII\/BA-RII\/ba_sitzungen_details.jsp?Id=3833907\" target=\"_blank\" rel=\"noopener\">https:\/\/www.ris-muenchen.de\/RII\/BA-RII\/ba_sitzungen_details.jsp?Id=3833907<\/a><\/p>\n<p>IG Offenbach-\/Meyerbeerstra\u00dfe IGOM e.V.<br \/>\n<a href=\"http:\/\/www.igomev.de\/\" target=\"_blank\" rel=\"noopener\">http:\/\/www.igomev.de\/<\/a><\/p>\n<p>IG Allacher Stra\u00dfe IGAV e.V.<br \/>\n<a href=\"http:\/\/ig-allacherstrasse.de\/\" target=\"_blank\" rel=\"noopener\">http:\/\/ig-allacherstrasse.de\/<\/a><\/p>\n<p>ADFC M\u00fcnchen &#8211; Arbeitsgruppe Verkehr<br \/>\n<a href=\"https:\/\/www.adfc-muenchen.de\/adfc-muenchen\/arbeitsgruppen\/verkehr-stadtgebiet\/\" target=\"_blank\" rel=\"noopener\">https:\/\/www.adfc-muenchen.de\/adfc-muenchen\/arbeitsgruppen\/verkehr-stadtgebiet\/<\/a><\/p>\n<p>Tempo 30-Kampagne des ADFC Hamburg<br \/>\n<a href=\"http:\/\/hamburg.adfc.de\/verkehr\/themen-a-z\/tempo-30\/laeuft\/laeuft\" target=\"_blank\" rel=\"noopener\">http:\/\/hamburg.adfc.de\/verkehr\/themen-a-z\/tempo-30\/laeuft\/laeuft<\/a><\/p>\n","protected":false},"excerpt":{"rendered":"<p>\u00dcberschreitung der NO2-Werte u.a. in der Eversbuschstra\u00dfe bei Schadstoffmessungen der Stadt M\u00fcnchen http:\/\/www.sueddeutsche.de\/muenchen\/schadstoffbelastung-in-muenchen-das-spiel-auf-zeit-geht-zulasten-der-lungen-der-muenchner-1.3593387 Der M\u00fcnchner Stadtbezirk 23: https:\/\/www.muenchen.de\/rathaus\/Stadtpolitik\/Bezirksausschuesse\/Stadtbezirk23.html Der Bezirksausschuss<\/p>\n","protected":false},"author":1,"featured_media":0,"parent":0,"menu_order":0,"comment_status":"closed","ping_status":"closed","template":"","meta":{"footnotes":""},"class_list":["post-73","page","type-page","status-publish","hentry","comments-off"],"_links":{"self":[{"href":"http:\/\/igvau.de\/index.php?rest_route=\/wp\/v2\/pages\/73","targetHints":{"allow":["GET"]}}],"collection":[{"href":"http:\/\/igvau.de\/index.php?rest_route=\/wp\/v2\/pages"}],"about":[{"href":"http:\/\/igvau.de\/index.php?rest_route=\/wp\/v2\/types\/page"}],"author":[{"embeddable":true,"href":"http:\/\/igvau.de\/index.php?rest_route=\/wp\/v2\/users\/1"}],"replies":[{"embeddable":true,"href":"http:\/\/igvau.de\/index.php?rest_route=%2Fwp%2Fv2%2Fcomments&post=73"}],"version-history":[{"count":4,"href":"http:\/\/igvau.de\/index.php?rest_route=\/wp\/v2\/pages\/73\/revisions"}],"predecessor-version":[{"id":177,"href":"http:\/\/igvau.de\/index.php?rest_route=\/wp\/v2\/pages\/73\/revisions\/177"}],"wp:attachment":[{"href":"http:\/\/igvau.de\/index.php?rest_route=%2Fwp%2Fv2%2Fmedia&parent=73"}],"curies":[{"name":"wp","href":"https:\/\/api.w.org\/{rel}","templated":true}]}}